{"id":49,"date":"2024-08-26T16:24:08","date_gmt":"2024-08-26T14:24:08","guid":{"rendered":"https:\/\/www.psychologue-lambersart.com\/?page_id=49"},"modified":"2024-08-28T11:18:45","modified_gmt":"2024-08-28T09:18:45","slug":"tcc","status":"publish","type":"page","link":"https:\/\/www.psychologue-lambersart.com\/index.php\/tcc\/","title":{"rendered":"TCC"},"content":{"rendered":"\n<h3 class=\"wp-block-heading\">Les TCC c&rsquo;est quoi?<\/h3>\n\n\n\n<figure class=\"wp-block-embed is-type-video is-provider-youtube wp-block-embed-youtube wp-embed-aspect-16-9 wp-has-aspect-ratio\"><div class=\"wp-block-embed__wrapper\">\n<iframe loading=\"lazy\" title=\"La TCC, c&#039;est quoi? pour qui? comment?\" width=\"500\" height=\"281\" src=\"https:\/\/www.youtube.com\/embed\/42TMjhsFf_4?feature=oembed\" frameborder=\"0\" allow=\"accelerometer; autoplay; clipboard-write; encrypted-media; gyroscope; picture-in-picture; web-share\" referrerpolicy=\"strict-origin-when-cross-origin\" allowfullscreen><\/iframe>\n<\/div><\/figure>\n\n\n\n<div style=\"height:77px\" aria-hidden=\"true\" class=\"wp-block-spacer\"><\/div>\n\n\n\n<h3 class=\"wp-block-heading\">D\u00c9ROULEMENT DE LA TH\u00c9RAPIE<\/h3>\n\n\n\n<p>La th\u00e9rapie s&rsquo;effectue sous forme d&rsquo;entretien en face-\u00e0-face.<br>Il s&rsquo;agit d&rsquo;un travail collaboratif entre le patient et le th\u00e9rapeute.<br><br>Le th\u00e9rapeute aide son patient \u00e0 faire une analyse de son fonctionnement.<br>Le patient et le th\u00e9rapeute identifient alors les dysfonctionnements (analyse fonctionnelle) et r\u00e9apprennent un fonctionnement diff\u00e9rent (comportements, pens\u00e9es et gestion \u00e9motionnelle alternatifs) qui soit plus adapt\u00e9 \u00e0 la situation.<br>Le patient acquiert progressivement de nouvelles comp\u00e9tences, ce qui lui donne confiance pour poursuivre l&rsquo;application de ces nouvelles habilet\u00e9s \u00e0 des situations de plus en plus difficiles.<br><br>Les apprentissages se font toujours dans l&rsquo;objectif de rendre le patient autonome \u00e0 la fin de la th\u00e9rapie et donc d&rsquo;\u00e9viter une d\u00e9pendance trop importante au psychoth\u00e9rapeute.<br><br>L&rsquo;atteinte d&rsquo;objectifs fix\u00e9s au d\u00e9but ou durant la th\u00e9rapie marque la fin de la th\u00e9rapie (le patient peut poursuivre s&rsquo;il le veut, revenir quelques mois ou ann\u00e9es plus tard pour faire un bilan, \u00e9tablir un autre objectif&#8230;)<br><\/p>\n\n\n\n<div style=\"height:1.25rem\" aria-hidden=\"true\" class=\"wp-block-spacer\"><\/div>\n\n\n\n<h2 class=\"wp-block-heading\">L&rsquo;APPROCHE COGNITIVO COMPORTEMENTALE<\/h2>\n\n\n\n<p>L&rsquo;\u00eatre humain se trouve confront\u00e9 \u00e0 des situations dans son quotidien qui sont associ\u00e9es \u00e0 des pens\u00e9es et des \u00e9motions, desquelles vont d\u00e9couler des comportements.<br>Ces m\u00eames comportements seront \u00e0 leur tour sources d&rsquo;autres \u00e9motions, d&rsquo;autres pens\u00e9es et d&rsquo;autres comportements<br><br>Lorsqu&rsquo;il est enfant, l&rsquo;\u00eatre humain, par le jeu des renforcements et des punitions, adopte un fonctionnement particulier afin de s&rsquo;adapter \u00e0 son environnement.<br>Comme il est \u00e0 la fois intelligent et \u00e9conome, il continue \u00e0 fonctionner comme il l&rsquo;a appris (il n&rsquo;y a pas de raison d&rsquo;arr\u00eater un fonctionnement qui marche).<br>Mais il arrive que, dans un autre contexte ou situation nouvelle, l&rsquo;individu se heurte \u00e0 un obstacle pour lequel son mode de fonctionnement est inop\u00e9rant, dysfonctionnel, voire destructeur.<br><br>Pour les psychologues form\u00e9s aux TCC, l&rsquo;identification d&rsquo;un probl\u00e8me et de ses origines n&rsquo;est pas suffisante pour obtenir une v\u00e9ritable am\u00e9lioration de l&rsquo;\u00e9tat psychologique du patient. (C&rsquo;est un peu comme si on trouvait l&rsquo;origine d&rsquo;un cancer sans utiliser les techniques ad\u00e9quates pour en venir \u00e0 bout.)<\/p>\n","protected":false},"excerpt":{"rendered":"<p>Les TCC c&rsquo;est quoi? D\u00c9ROULEMENT DE LA TH\u00c9RAPIE La th\u00e9rapie s&rsquo;effectue sous forme d&rsquo;entretien en face-\u00e0-face.Il s&rsquo;agit d&rsquo;un travail collaboratif entre le patient et le th\u00e9rapeute. Le th\u00e9rapeute aide son patient \u00e0 faire une analyse de son fonctionnement.Le patient et le th\u00e9rapeute identifient alors les dysfonctionnements (analyse fonctionnelle) et r\u00e9apprennent un fonctionnement diff\u00e9rent (comportements, pens\u00e9es [&hellip;]<\/p>\n","protected":false},"author":1,"featured_media":0,"parent":0,"menu_order":0,"comment_status":"closed","ping_status":"closed","template":"","meta":{"footnotes":""},"class_list":["post-49","page","type-page","status-publish","hentry"],"_links":{"self":[{"href":"https:\/\/www.psychologue-lambersart.com\/index.php\/wp-json\/wp\/v2\/pages\/49","targetHints":{"allow":["GET"]}}],"collection":[{"href":"https:\/\/www.psychologue-lambersart.com\/index.php\/wp-json\/wp\/v2\/pages"}],"about":[{"href":"https:\/\/www.psychologue-lambersart.com\/index.php\/wp-json\/wp\/v2\/types\/page"}],"author":[{"embeddable":true,"href":"https:\/\/www.psychologue-lambersart.com\/index.php\/wp-json\/wp\/v2\/users\/1"}],"replies":[{"embeddable":true,"href":"https:\/\/www.psychologue-lambersart.com\/index.php\/wp-json\/wp\/v2\/comments?post=49"}],"version-history":[{"count":5,"href":"https:\/\/www.psychologue-lambersart.com\/index.php\/wp-json\/wp\/v2\/pages\/49\/revisions"}],"predecessor-version":[{"id":82,"href":"https:\/\/www.psychologue-lambersart.com\/index.php\/wp-json\/wp\/v2\/pages\/49\/revisions\/82"}],"wp:attachment":[{"href":"https:\/\/www.psychologue-lambersart.com\/index.php\/wp-json\/wp\/v2\/media?parent=49"}],"curies":[{"name":"wp","href":"https:\/\/api.w.org\/{rel}","templated":true}]}}