{"id":21,"date":"2024-07-03T12:12:21","date_gmt":"2024-07-03T10:12:21","guid":{"rendered":"http:\/\/www.psychologue-lambersart.com\/?page_id=21"},"modified":"2024-11-26T17:29:02","modified_gmt":"2024-11-26T16:29:02","slug":"le-cabinet","status":"publish","type":"page","link":"https:\/\/www.psychologue-lambersart.com\/index.php\/le-cabinet\/","title":{"rendered":"LE CABINET"},"content":{"rendered":"\n<h1 class=\"wp-block-heading alignfull\">Comment s&rsquo;y rendre?<\/h1>\n\n\n\n<p><br><\/p>\n\n\n\n<div class=\"wp-block-media-text alignwide is-stacked-on-mobile is-vertically-aligned-center is-image-fill-element\" style=\"grid-template-columns:61% auto\"><figure class=\"wp-block-media-text__media\"><img loading=\"lazy\" decoding=\"async\" width=\"1024\" height=\"768\" src=\"http:\/\/www.psychologue-lambersart.com\/wp-content\/uploads\/2024\/09\/20240916_174341-1024x768.jpg\" alt=\"\" class=\"wp-image-110 size-full\" style=\"object-position:50% 11%\" srcset=\"https:\/\/www.psychologue-lambersart.com\/wp-content\/uploads\/2024\/09\/20240916_174341-1024x768.jpg 1024w, https:\/\/www.psychologue-lambersart.com\/wp-content\/uploads\/2024\/09\/20240916_174341-300x225.jpg 300w, https:\/\/www.psychologue-lambersart.com\/wp-content\/uploads\/2024\/09\/20240916_174341-768x576.jpg 768w, https:\/\/www.psychologue-lambersart.com\/wp-content\/uploads\/2024\/09\/20240916_174341-1536x1152.jpg 1536w, https:\/\/www.psychologue-lambersart.com\/wp-content\/uploads\/2024\/09\/20240916_174341-2048x1536.jpg 2048w\" sizes=\"auto, (max-width: 1024px) 100vw, 1024px\" \/><\/figure><div class=\"wp-block-media-text__content\">\n<p>107 Rue Des Martyrs de la R\u00e9sistance. 59 130 LAMBERSART<\/p>\n\n\n\n<p>N&rsquo;ayant <strong>pas de salle d&rsquo;attente,<\/strong> essayez d&rsquo;\u00eatre ponctuel pour vous \u00e9viter d&rsquo;attendre dehors.<\/p>\n\n\n\n<p>Le cabinet n&rsquo;est malheureusement <strong>pas accessible aux personnes \u00e0 mobilit\u00e9 r\u00e9duite<\/strong> (il se situe au premier \u00e9tage et les escaliers sont raides)<\/p>\n\n\n\n<p>De ce fait si vous \u00eates dans l&rsquo;impossibilit\u00e9 de monter des escaliers,<strong> je peux me rendre \u00e0 votre domicile dans les 2km situ\u00e9s autour du cabinet.<\/strong><br><br><\/p>\n<\/div><\/div>\n\n\n\n<div class=\"wp-block-media-text alignfull has-media-on-the-right is-stacked-on-mobile is-image-fill-element\"><div class=\"wp-block-media-text__content\">\n<p><em><strong>En voiture<\/strong><\/em> :<strong> Stationnement \u00e0 dur\u00e9e limit\u00e9e zone bleu<\/strong><br><br><em><strong>En m\u00e9tro<\/strong><\/em>: 7 minutes \u00e0 pieds de la Station \u00abLomme &#8211; Lambersart &#8211; Arthur-Notebart\u00bb (Ligne 2)<\/p>\n\n\n\n<p><em><strong>En bus<\/strong><\/em>: 3 minutes \u00e0 pieds de l&rsquo;arr\u00eat Lavoisier (Ligne 10)<\/p>\n<\/div><figure class=\"wp-block-media-text__media\"><img loading=\"lazy\" decoding=\"async\" width=\"320\" height=\"240\" src=\"https:\/\/www.psychologue-lambersart.com\/wp-content\/uploads\/2024\/07\/181637.jpg\" alt=\"\" class=\"wp-image-22 size-full\" style=\"object-position:50% 50%\" srcset=\"https:\/\/www.psychologue-lambersart.com\/wp-content\/uploads\/2024\/07\/181637.jpg 320w, https:\/\/www.psychologue-lambersart.com\/wp-content\/uploads\/2024\/07\/181637-300x225.jpg 300w\" sizes=\"auto, (max-width: 320px) 100vw, 320px\" \/><\/figure><\/div>\n\n\n\n<p><\/p>\n","protected":false},"excerpt":{"rendered":"<p>Comment s&rsquo;y rendre? 107 Rue Des Martyrs de la R\u00e9sistance. 59 130 LAMBERSART N&rsquo;ayant pas de salle d&rsquo;attente, essayez d&rsquo;\u00eatre ponctuel pour vous \u00e9viter d&rsquo;attendre dehors. Le cabinet n&rsquo;est malheureusement pas accessible aux personnes \u00e0 mobilit\u00e9 r\u00e9duite (il se situe au premier \u00e9tage et les escaliers sont raides) De ce fait si vous \u00eates dans [&hellip;]<\/p>\n","protected":false},"author":1,"featured_media":0,"parent":0,"menu_order":0,"comment_status":"closed","ping_status":"closed","template":"","meta":{"footnotes":""},"class_list":["post-21","page","type-page","status-publish","hentry"],"_links":{"self":[{"href":"https:\/\/www.psychologue-lambersart.com\/index.php\/wp-json\/wp\/v2\/pages\/21","targetHints":{"allow":["GET"]}}],"collection":[{"href":"https:\/\/www.psychologue-lambersart.com\/index.php\/wp-json\/wp\/v2\/pages"}],"about":[{"href":"https:\/\/www.psychologue-lambersart.com\/index.php\/wp-json\/wp\/v2\/types\/page"}],"author":[{"embeddable":true,"href":"https:\/\/www.psychologue-lambersart.com\/index.php\/wp-json\/wp\/v2\/users\/1"}],"replies":[{"embeddable":true,"href":"https:\/\/www.psychologue-lambersart.com\/index.php\/wp-json\/wp\/v2\/comments?post=21"}],"version-history":[{"count":16,"href":"https:\/\/www.psychologue-lambersart.com\/index.php\/wp-json\/wp\/v2\/pages\/21\/revisions"}],"predecessor-version":[{"id":201,"href":"https:\/\/www.psychologue-lambersart.com\/index.php\/wp-json\/wp\/v2\/pages\/21\/revisions\/201"}],"wp:attachment":[{"href":"https:\/\/www.psychologue-lambersart.com\/index.php\/wp-json\/wp\/v2\/media?parent=21"}],"curies":[{"name":"wp","href":"https:\/\/api.w.org\/{rel}","templated":true}]}}