{"id":18,"date":"2024-07-03T12:10:38","date_gmt":"2024-07-03T10:10:38","guid":{"rendered":"http:\/\/www.psychologue-lambersart.com\/?page_id=18"},"modified":"2024-10-02T17:23:42","modified_gmt":"2024-10-02T15:23:42","slug":"formation","status":"publish","type":"page","link":"https:\/\/www.psychologue-lambersart.com\/index.php\/formation\/","title":{"rendered":"FORMATION"},"content":{"rendered":"\n<div class=\"wp-block-group is-nowrap is-layout-flex wp-container-core-group-is-layout-6c531013 wp-block-group-is-layout-flex\">\n<figure class=\"wp-block-image size-large\"><img loading=\"lazy\" decoding=\"async\" width=\"1024\" height=\"576\" src=\"http:\/\/www.psychologue-lambersart.com\/wp-content\/uploads\/2024\/09\/diplome-1-1024x576.jpg\" alt=\"dipl\u00f4mes\" class=\"wp-image-124\" srcset=\"https:\/\/www.psychologue-lambersart.com\/wp-content\/uploads\/2024\/09\/diplome-1-1024x576.jpg 1024w, https:\/\/www.psychologue-lambersart.com\/wp-content\/uploads\/2024\/09\/diplome-1-300x169.jpg 300w, https:\/\/www.psychologue-lambersart.com\/wp-content\/uploads\/2024\/09\/diplome-1-768x432.jpg 768w, https:\/\/www.psychologue-lambersart.com\/wp-content\/uploads\/2024\/09\/diplome-1.jpg 1380w\" sizes=\"auto, (max-width: 1024px) 100vw, 1024px\" \/><\/figure>\n\n\n\n<div class=\"wp-block-columns is-layout-flex wp-container-core-columns-is-layout-28f84493 wp-block-columns-is-layout-flex\">\n<div class=\"wp-block-column is-layout-flow wp-block-column-is-layout-flow\" style=\"flex-basis:100%\">\n<ul class=\"wp-block-list has-medium-font-size\">\n<li>Dipl\u00f4me d&rsquo;Universit\u00e9 en Th\u00e9rapies \u00e9motionnelles Cognitives et Comportementales<\/li>\n\n\n\n<li>Master 2 en Psychologie du travail<\/li>\n\n\n\n<li>Accr\u00e9ditation Triple P (Programme pour une Parentalit\u00e9 Positive)<\/li>\n\n\n\n<li>Bases de la CNV dans la relation d\u2019accompagnement et de soin (avec Pascale Molho)<br><\/li>\n<\/ul>\n<\/div>\n<\/div>\n<\/div>\n\n\n\n<h2 class=\"wp-block-heading\"><\/h2>\n","protected":false},"excerpt":{"rendered":"","protected":false},"author":1,"featured_media":0,"parent":0,"menu_order":0,"comment_status":"closed","ping_status":"closed","template":"","meta":{"footnotes":""},"class_list":["post-18","page","type-page","status-publish","hentry"],"_links":{"self":[{"href":"https:\/\/www.psychologue-lambersart.com\/index.php\/wp-json\/wp\/v2\/pages\/18","targetHints":{"allow":["GET"]}}],"collection":[{"href":"https:\/\/www.psychologue-lambersart.com\/index.php\/wp-json\/wp\/v2\/pages"}],"about":[{"href":"https:\/\/www.psychologue-lambersart.com\/index.php\/wp-json\/wp\/v2\/types\/page"}],"author":[{"embeddable":true,"href":"https:\/\/www.psychologue-lambersart.com\/index.php\/wp-json\/wp\/v2\/users\/1"}],"replies":[{"embeddable":true,"href":"https:\/\/www.psychologue-lambersart.com\/index.php\/wp-json\/wp\/v2\/comments?post=18"}],"version-history":[{"count":18,"href":"https:\/\/www.psychologue-lambersart.com\/index.php\/wp-json\/wp\/v2\/pages\/18\/revisions"}],"predecessor-version":[{"id":164,"href":"https:\/\/www.psychologue-lambersart.com\/index.php\/wp-json\/wp\/v2\/pages\/18\/revisions\/164"}],"wp:attachment":[{"href":"https:\/\/www.psychologue-lambersart.com\/index.php\/wp-json\/wp\/v2\/media?parent=18"}],"curies":[{"name":"wp","href":"https:\/\/api.w.org\/{rel}","templated":true}]}}