{"id":16,"date":"2024-07-03T12:06:04","date_gmt":"2024-07-03T10:06:04","guid":{"rendered":"http:\/\/www.psychologue-lambersart.com\/?page_id=16"},"modified":"2026-03-02T08:47:44","modified_gmt":"2026-03-02T07:47:44","slug":"tarif","status":"publish","type":"page","link":"https:\/\/www.psychologue-lambersart.com\/index.php\/tarif\/","title":{"rendered":"TARIF"},"content":{"rendered":"\n<div class=\"wp-block-columns is-layout-flex wp-container-core-columns-is-layout-28f84493 wp-block-columns-is-layout-flex\">\n<div class=\"wp-block-column is-layout-flow wp-block-column-is-layout-flow\" style=\"flex-basis:32.26%\">\n<div class=\"wp-block-group is-layout-constrained wp-block-group-is-layout-constrained\">\n<div class=\"wp-block-columns is-layout-flex wp-container-core-columns-is-layout-28f84493 wp-block-columns-is-layout-flex\">\n<div class=\"wp-block-column is-layout-flow wp-block-column-is-layout-flow\" style=\"flex-basis:150%\">\n<h3 class=\"wp-block-heading has-large-font-size\"><strong>Moyens de paiement<\/strong><\/h3>\n\n\n\n<p>Vous pouvez r\u00e9gler par ch\u00e8que ou esp\u00e8ces.<\/p>\n\n\n\n<p>Vous pouvez r\u00e9gler par virement \u00e0 partir du 2\u00e8me RDV.<\/p>\n\n\n\n<p><strong>Attention le r\u00e8glement par carte bancaire n&rsquo;est pas possible.<\/strong><\/p>\n\n\n\n<p><\/p>\n\n\n\n<h1 class=\"wp-block-heading has-large-font-size\"><strong>ANNULATION DE RDV<\/strong><\/h1>\n\n\n\n<p class=\"has-text-align-left\"><strong>Pr\u00e9venez moi par mail: <\/strong>d\u00e8s que vous avez connaissance de votre impossibilit\u00e9 \u00e0 venir au RDV. Cela est important pour que je puisse m&rsquo;organiser au mieux et permettre \u00e0 un autre patient de venir. Dans le cas contraire je subi une perte financi\u00e8re cons\u00e9quente.<\/p>\n\n\n\n<div class=\"wp-block-group is-layout-constrained wp-block-group-is-layout-constrained\">\n<p><\/p>\n\n\n\n<p><strong>Je demande un d\u00e9dommagement:<\/strong><\/p>\n\n\n\n<p><strong>10 euros<\/strong> pour une annulation inf\u00e9rieure \u00e0 72H<\/p>\n\n\n\n<p><strong>15 euros<\/strong> pour une annulation inf\u00e9rieure \u00e0 48 H<\/p>\n\n\n\n<p><strong>20 euros<\/strong> pour une annulation inf\u00e9rieure \u00e0 24 H<\/p>\n<\/div>\n\n\n\n<p><strong>25 euros <\/strong>pour une annulation le jour m\u00eame<\/p>\n\n\n\n<p><strong>35 euros<\/strong> si vous ne pr\u00e9venez pas de votre absence.<\/p>\n\n\n\n<p>Ce d\u00e9dommagement sera \u00e0 r\u00e9gler par virement avant la prise d&rsquo;un nouveau rendez-vous.<\/p>\n\n\n\n<p><\/p>\n\n\n\n<blockquote class=\"wp-block-quote is-layout-flow wp-block-quote-is-layout-flow\">\n<p><\/p>\n<\/blockquote>\n<\/div>\n<\/div>\n<\/div>\n<\/div>\n\n\n\n<div class=\"wp-block-column is-layout-flow wp-block-column-is-layout-flow\" style=\"flex-basis:67.74%\">\n<h2 class=\"wp-block-heading has-large-font-size\"><strong>Tarif en dehors du dispositif \u00ab\u00a0Mon soutien Psy\u00a0\u00bb : 70 euros<\/strong><\/h2>\n\n\n\n<p><strong>La s\u00e9ance dure 45 minutes et n&rsquo;est pas rembours\u00e9e par l&rsquo;assurance maladie<\/strong>           (renseignez-vous aupr\u00e8s de votre mutuelle pour une \u00e9ventuelle prise en charge).<\/p>\n\n\n\n<p>Ce tarif s&rsquo;applique <strong>dans le cas o\u00f9 vous ne pouvez pas b\u00e9n\u00e9ficier du dispositif \u00ab\u00a0Mon soutien Psy<\/strong>\u00a0\u00bb (cf les crit\u00e8res d&rsquo;inclusion et d&rsquo;exclusion mis en place par l&rsquo;assurance maladie)<\/p>\n\n\n\n<p>Ce tarif s&rsquo;applique \u00e9galement<strong> apr\u00e8s la 12\u00e8me s\u00e9ance rembours\u00e9e par l&rsquo;assurance maladie<\/strong>, dans le cadre du dispositif \u00ab\u00a0Mon soutien Psy\u00a0\u00bb.<\/p>\n\n\n\n<p><\/p>\n\n\n\n<p><\/p>\n\n\n\n<p><\/p>\n\n\n\n<h3 class=\"wp-block-heading\"><strong>Tarif dans le cadre du dispositif \u00ab\u00a0Mon Soutien Psy\u00a0\u00bb:<\/strong> 50 euros<\/h3>\n\n\n\n<p><\/p>\n\n\n\n<p><strong>La consultation dure 45 minutes et co\u00fbte 50 euros<\/strong><\/p>\n\n\n\n<p><strong>La premi\u00e8re s\u00e9ance<\/strong> sert \u00e0 d\u00e9terminer si vous pouvez b\u00e9n\u00e9ficier du dispositif. <\/p>\n\n\n\n<p>Elle est <strong>rembours\u00e9e (30 euros par l&rsquo;assurance maladie et 20 euros par votre mutuelle<\/strong> si vous en avez une).<\/p>\n\n\n\n<p>Je vous donnerai une <strong>feuille de soin <\/strong>que vous devrez transmettre \u00e0 votre assurance maladie (il faut compter environ un mois pour \u00eatre rembours\u00e9). Aucun psychologue <strong>ne prend la carte vitale<\/strong>, car cela n&rsquo;a pas \u00e9t\u00e9 mis en place par l&rsquo;assurance maladie).<\/p>\n\n\n\n<p><\/p>\n\n\n\n<p><strong>Si vous pouvez b\u00e9n\u00e9ficier du dispositif<\/strong> (cf crit\u00e8res d&rsquo;inclusion mis en place par l&rsquo;assurance maladie), vous avez le droit \u00e0 <strong>12 s\u00e9ances maximum<\/strong> <strong>rembours\u00e9es par l&rsquo;assurance maladie et votre mutuelle<\/strong>. (Vous pouvez changer de psychologue: pr\u00e9cisez le nombre de s\u00e9ances dont vous avec d\u00e9j\u00e0 b\u00e9n\u00e9fici\u00e9).<\/p>\n\n\n\n<p><strong>Si vous ne pouvez pas b\u00e9n\u00e9ficier du dispositif<\/strong> (cf crit\u00e8res d&rsquo;exclusion mis en place par l&rsquo;assurance maladie), vous pouvez vous rediriger vers un psychiatre ou un CMP, ou me consulter en dehors du dispositif.<\/p>\n\n\n\n<p><\/p>\n\n\n\n<p><strong>Les crit\u00e8res d\u2019inclusion dans le dispositif <strong>\u00ab\u00a0Mon soutien Psy\u00a0\u00bb<\/strong> :<\/strong><\/p>\n\n\n\n<ul class=\"wp-block-list\">\n<li>trouble anxieux d\u2019intensit\u00e9 l\u00e9g\u00e8re \u00e0 mod\u00e9r\u00e9e ;<\/li>\n\n\n\n<li>trouble d\u00e9pressif d\u2019intensit\u00e9 l\u00e9g\u00e8re \u00e0 mod\u00e9r\u00e9e ;<\/li>\n\n\n\n<li>un m\u00e9susage de tabac, d\u2019alcool et\/ou de cannabis (hors d\u00e9pendance) ;<\/li>\n\n\n\n<li>un trouble du comportement alimentaire sans crit\u00e8res de gravit\u00e9.<\/li>\n<\/ul>\n\n\n\n<p><br><strong>Les crit\u00e8res de non-inclusion <strong>dans le dispositif <strong>\u00ab\u00a0Mon soutien Psy\u00a0\u00bb<\/strong> :<\/strong>:<\/strong><br>les situations qui n\u00e9cessitent d\u2019embl\u00e9e ou en cours de prise en charge un avis sp\u00e9cialis\u00e9 par un psychiatre, notamment en cas de :<\/p>\n\n\n\n<ul class=\"wp-block-list\">\n<li>risques suicidaires,<\/li>\n\n\n\n<li>formes s\u00e9v\u00e8res de troubles d\u00e9pressifs ou anxieux,<\/li>\n\n\n\n<li>troubles du comportement alimentaire avec signes de gravit\u00e9<\/li>\n\n\n\n<li>troubles neuro-d\u00e9veloppementaux s\u00e9v\u00e8res,<\/li>\n\n\n\n<li>ant\u00e9c\u00e9dents psychiatriques s\u00e9v\u00e8res dans les trois ans,<\/li>\n\n\n\n<li>toute situation de d\u00e9pendance \u00e0 des substances psychoactives <\/li>\n\n\n\n<li>les patients actuellement en ALD ou en invalidit\u00e9 pour motif psychiatrique<br>ou en arr\u00eat de travail de plus de six mois pour un motif psychiatrique<\/li>\n<\/ul>\n\n\n\n<p><\/p>\n\n\n\n<p>Dans le cadre du dispositif \u00ab\u00a0Mon soutien Psy\u00a0\u00bb, <strong>vous n&rsquo;avez pas de frais \u00e0 avancer dans les situations suivantes<\/strong> (je vous demande de <strong>m&rsquo;en informer d\u00e8s la prise de RDV, de me transmettre par mail votre attestation d&rsquo;assurance maladie <\/strong>et d&rsquo;apporter au premier RDV <strong>une enveloppe timbr\u00e9e<\/strong> pour que je puisse envoyer votre feuille de soin) :<\/p>\n\n\n\n<p>b\u00e9n\u00e9ficiaire de la compl\u00e9mentaire sant\u00e9 solidaire (CSS) ;<br>b\u00e9n\u00e9ficiaire de l\u2019aide m\u00e9dicale d\u2019\u00c9tat (AME) ;<\/p>\n\n\n\n<p>soins en lien avec une maternit\u00e9 (\u00e0 partir du 6e mois de grossesse) ;<\/p>\n\n\n\n<p>soins en lien avec un accident du travail ou une maladie professionnelle(AT-MP)<\/p>\n\n\n\n<p>soins en lien avec une maladie : affection de longue dur\u00e9e (ALD) ; <strong>sauf pour raison psychiatrique <\/strong>(cf crit\u00e8res d&rsquo;exclusion du dispositif) <br><\/p>\n\n\n\n<p><a href=\"https:\/\/www.ameli.fr\/assure\/remboursements\/rembourse\/remboursement-seance-psychologue-mon-soutien-psy\">https:\/\/www.ameli.fr\/assure\/remboursements\/rembourse\/remboursement-seance-psychologue-mon-soutien-psy<\/a><\/p>\n\n\n\n<p><\/p>\n<\/div>\n<\/div>\n\n\n\n<h3 class=\"wp-block-heading\"><\/h3>\n","protected":false},"excerpt":{"rendered":"<p>Moyens de paiement Vous pouvez r\u00e9gler par ch\u00e8que ou esp\u00e8ces. Vous pouvez r\u00e9gler par virement \u00e0 partir du 2\u00e8me RDV. Attention le r\u00e8glement par carte bancaire n&rsquo;est pas possible. ANNULATION DE RDV Pr\u00e9venez moi par mail: d\u00e8s que vous avez connaissance de votre impossibilit\u00e9 \u00e0 venir au RDV. Cela est important pour que je puisse [&hellip;]<\/p>\n","protected":false},"author":1,"featured_media":0,"parent":0,"menu_order":0,"comment_status":"closed","ping_status":"closed","template":"","meta":{"footnotes":""},"class_list":["post-16","page","type-page","status-publish","hentry"],"_links":{"self":[{"href":"https:\/\/www.psychologue-lambersart.com\/index.php\/wp-json\/wp\/v2\/pages\/16","targetHints":{"allow":["GET"]}}],"collection":[{"href":"https:\/\/www.psychologue-lambersart.com\/index.php\/wp-json\/wp\/v2\/pages"}],"about":[{"href":"https:\/\/www.psychologue-lambersart.com\/index.php\/wp-json\/wp\/v2\/types\/page"}],"author":[{"embeddable":true,"href":"https:\/\/www.psychologue-lambersart.com\/index.php\/wp-json\/wp\/v2\/users\/1"}],"replies":[{"embeddable":true,"href":"https:\/\/www.psychologue-lambersart.com\/index.php\/wp-json\/wp\/v2\/comments?post=16"}],"version-history":[{"count":80,"href":"https:\/\/www.psychologue-lambersart.com\/index.php\/wp-json\/wp\/v2\/pages\/16\/revisions"}],"predecessor-version":[{"id":279,"href":"https:\/\/www.psychologue-lambersart.com\/index.php\/wp-json\/wp\/v2\/pages\/16\/revisions\/279"}],"wp:attachment":[{"href":"https:\/\/www.psychologue-lambersart.com\/index.php\/wp-json\/wp\/v2\/media?parent=16"}],"curies":[{"name":"wp","href":"https:\/\/api.w.org\/{rel}","templated":true}]}}