{"id":158,"date":"2024-10-02T17:16:41","date_gmt":"2024-10-02T15:16:41","guid":{"rendered":"https:\/\/www.psychologue-lambersart.com\/?page_id=158"},"modified":"2024-10-02T17:20:53","modified_gmt":"2024-10-02T15:20:53","slug":"cnv","status":"publish","type":"page","link":"https:\/\/www.psychologue-lambersart.com\/index.php\/cnv\/","title":{"rendered":"CNV"},"content":{"rendered":"\n<div class=\"wp-block-media-text is-stacked-on-mobile\"><figure class=\"wp-block-media-text__media\"><img loading=\"lazy\" decoding=\"async\" width=\"819\" height=\"1024\" src=\"https:\/\/www.psychologue-lambersart.com\/wp-content\/uploads\/2024\/10\/image_transparent_Craiyon1-819x1024.png\" alt=\"\" class=\"wp-image-159 size-full\" srcset=\"https:\/\/www.psychologue-lambersart.com\/wp-content\/uploads\/2024\/10\/image_transparent_Craiyon1-819x1024.png 819w, https:\/\/www.psychologue-lambersart.com\/wp-content\/uploads\/2024\/10\/image_transparent_Craiyon1-240x300.png 240w, https:\/\/www.psychologue-lambersart.com\/wp-content\/uploads\/2024\/10\/image_transparent_Craiyon1-768x960.png 768w, https:\/\/www.psychologue-lambersart.com\/wp-content\/uploads\/2024\/10\/image_transparent_Craiyon1.png 1024w\" sizes=\"auto, (max-width: 819px) 100vw, 819px\" \/><\/figure><div class=\"wp-block-media-text__content\">\n<h1 class=\"wp-block-heading has-text-align-center has-large-font-size\"><strong>Accompagnement \u00e0<\/strong><\/h1>\n\n\n\n<p class=\"has-text-align-center has-large-font-size\"><strong>la Communication <\/strong><\/p>\n\n\n\n<p class=\"has-text-align-center has-large-font-size\"><strong>Non Violente <\/strong><\/p>\n<\/div><\/div>\n\n\n\n<p><strong>La Communication Non Violente (CNV)<\/strong>, est une m\u00e9thode d\u00e9velopp\u00e9e par Marshall B. Rosenberg, visant \u00e0 am\u00e9liorer la qualit\u00e9 de nos relations en adoptant une communication bas\u00e9e sur l\u2019\u00e9coute, l&#8217;empathie et l\u2019authenticit\u00e9. En apprenant \u00e0 exprimer nos besoins et nos \u00e9motions de mani\u00e8re claire et respectueuse, la CNV nous aide \u00e0 \u00e9viter les malentendus et \u00e0 r\u00e9soudre les conflits sans recours \u00e0 l\u2019agressivit\u00e9 ou \u00e0 la manipulation.<\/p>\n\n\n\n<h4 class=\"wp-block-heading\"><strong>Pourquoi adopter la CNV ?<\/strong><\/h4>\n\n\n\n<p>Dans notre soci\u00e9t\u00e9, les conflits et incompr\u00e9hensions sont courants, que ce soit dans le cadre familial, professionnel ou social. La CNV vous permet de :<\/p>\n\n\n\n<ul class=\"wp-block-list\">\n<li><strong>Mieux comprendre vos \u00e9motions<\/strong> et celles des autres, afin de r\u00e9pondre aux besoins de mani\u00e8re respectueuse.<\/li>\n\n\n\n<li><strong>D\u00e9samorcer les conflits<\/strong> en cr\u00e9ant un dialogue bas\u00e9 sur l\u2019empathie et la coop\u00e9ration.<\/li>\n\n\n\n<li><strong>Am\u00e9liorer la qualit\u00e9 de vos relations<\/strong>, que ce soit avec vos enfants, votre partenaire, vos coll\u00e8gues ou vos amis.<\/li>\n\n\n\n<li><strong>Renforcer votre capacit\u00e9 \u00e0 \u00e9couter<\/strong> sans jugement et \u00e0 exprimer vos besoins de mani\u00e8re claire et non violente.<\/li>\n<\/ul>\n","protected":false},"excerpt":{"rendered":"<p>Accompagnement \u00e0 la Communication Non Violente La Communication Non Violente (CNV), est une m\u00e9thode d\u00e9velopp\u00e9e par Marshall B. Rosenberg, visant \u00e0 am\u00e9liorer la qualit\u00e9 de nos relations en adoptant une communication bas\u00e9e sur l\u2019\u00e9coute, l&#8217;empathie et l\u2019authenticit\u00e9. En apprenant \u00e0 exprimer nos besoins et nos \u00e9motions de mani\u00e8re claire et respectueuse, la CNV nous aide [&hellip;]<\/p>\n","protected":false},"author":1,"featured_media":0,"parent":0,"menu_order":0,"comment_status":"closed","ping_status":"closed","template":"","meta":{"footnotes":""},"class_list":["post-158","page","type-page","status-publish","hentry"],"_links":{"self":[{"href":"https:\/\/www.psychologue-lambersart.com\/index.php\/wp-json\/wp\/v2\/pages\/158","targetHints":{"allow":["GET"]}}],"collection":[{"href":"https:\/\/www.psychologue-lambersart.com\/index.php\/wp-json\/wp\/v2\/pages"}],"about":[{"href":"https:\/\/www.psychologue-lambersart.com\/index.php\/wp-json\/wp\/v2\/types\/page"}],"author":[{"embeddable":true,"href":"https:\/\/www.psychologue-lambersart.com\/index.php\/wp-json\/wp\/v2\/users\/1"}],"replies":[{"embeddable":true,"href":"https:\/\/www.psychologue-lambersart.com\/index.php\/wp-json\/wp\/v2\/comments?post=158"}],"version-history":[{"count":2,"href":"https:\/\/www.psychologue-lambersart.com\/index.php\/wp-json\/wp\/v2\/pages\/158\/revisions"}],"predecessor-version":[{"id":162,"href":"https:\/\/www.psychologue-lambersart.com\/index.php\/wp-json\/wp\/v2\/pages\/158\/revisions\/162"}],"wp:attachment":[{"href":"https:\/\/www.psychologue-lambersart.com\/index.php\/wp-json\/wp\/v2\/media?parent=158"}],"curies":[{"name":"wp","href":"https:\/\/api.w.org\/{rel}","templated":true}]}}